{"id":163,"date":"2023-11-20T15:28:16","date_gmt":"2023-11-20T15:28:16","guid":{"rendered":"https:\/\/padarialamelas.papelada.net\/wp\/?page_id=163"},"modified":"2024-07-25T14:01:47","modified_gmt":"2024-07-25T14:01:47","slug":"empresa","status":"publish","type":"page","link":"https:\/\/padarialamelas.pt\/wp\/empresa\/","title":{"rendered":"EMPRESA"},"content":{"rendered":"\n\n\n<h4>Empresa<\/h4>\n<h4>A transmiss\u00e3o de saberes<\/h4>\n<p>H\u00e1 dias em que \u00e9 necess\u00e1rio deixar as tarefas de gest\u00e3o e de administra\u00e7\u00e3o.<\/p><p>Olhem como estes meninos est\u00e3o atentos, at\u00e9 d\u00e1 gosto.<\/p><p><br><\/p><p>Valorizar os saberes tradicionais, como a Tradi\u00e7\u00e3o, Mem\u00f3ria e Transmiss\u00e3o de Saberes, temas de uma das rodas de conviv\u00eancia que fazemos quest\u00e3o de realizar e manter de forma pr\u00e1tica.<\/p><div><br><\/div>\n\n\n\n\n<p style=\"text-align: center;\">Ant\u00f3nio e Nat\u00e1lia com as m\u00e3os na massa<br><\/p>\n\n\n\n\n<h1>Onde tudo come\u00e7ou&#8230;<\/h1>\n\n\n\n\n<h4>Tradi\u00e7\u00e3o pelas gera\u00e7\u00f5es<\/h4>\n\n\n\n\n\n\n\n","protected":false},"excerpt":{"rendered":"","protected":false},"author":1,"featured_media":0,"parent":0,"menu_order":0,"comment_status":"closed","ping_status":"closed","template":"","meta":{"footnotes":""},"class_list":["post-163","page","type-page","status-publish","hentry"],"aioseo_notices":[],"_links":{"self":[{"href":"https:\/\/padarialamelas.pt\/wp\/wp-json\/wp\/v2\/pages\/163","targetHints":{"allow":["GET"]}}],"collection":[{"href":"https:\/\/padarialamelas.pt\/wp\/wp-json\/wp\/v2\/pages"}],"about":[{"href":"https:\/\/padarialamelas.pt\/wp\/wp-json\/wp\/v2\/types\/page"}],"author":[{"embeddable":true,"href":"https:\/\/padarialamelas.pt\/wp\/wp-json\/wp\/v2\/users\/1"}],"replies":[{"embeddable":true,"href":"https:\/\/padarialamelas.pt\/wp\/wp-json\/wp\/v2\/comments?post=163"}],"version-history":[{"count":3,"href":"https:\/\/padarialamelas.pt\/wp\/wp-json\/wp\/v2\/pages\/163\/revisions"}],"predecessor-version":[{"id":242,"href":"https:\/\/padarialamelas.pt\/wp\/wp-json\/wp\/v2\/pages\/163\/revisions\/242"}],"wp:attachment":[{"href":"https:\/\/padarialamelas.pt\/wp\/wp-json\/wp\/v2\/media?parent=163"}],"curies":[{"name":"wp","href":"https:\/\/api.w.org\/{rel}","templated":true}]}}